{"id":88,"date":"2021-05-04T15:59:19","date_gmt":"2021-05-04T15:59:19","guid":{"rendered":"http:\/\/www.vsbus.fi\/?page_id=88"},"modified":"2023-05-03T16:25:36","modified_gmt":"2023-05-03T16:25:36","slug":"imatra","status":"publish","type":"page","link":"https:\/\/www.vsbus.fi\/?page_id=88","title":{"rendered":"IMATRA"},"content":{"rendered":"\t\t<div data-elementor-type=\"wp-page\" data-elementor-id=\"88\" class=\"elementor elementor-88\">\n\t\t\t\t\t\t<section class=\"elementor-section elementor-top-section elementor-element elementor-element-2e389707 elementor-section-full_width elementor-section-height-min-height elementor-section-height-default elementor-section-items-middle\" data-id=\"2e389707\" data-element_type=\"section\" data-e-type=\"section\" data-settings=\"{&quot;background_background&quot;:&quot;classic&quot;,&quot;shape_divider_bottom&quot;:&quot;mountains&quot;,&quot;shape_divider_top&quot;:&quot;mountains&quot;}\">\n\t\t\t\t\t\t\t<div class=\"elementor-background-overlay\"><\/div>\n\t\t\t\t\t\t<div class=\"elementor-shape elementor-shape-top\" aria-hidden=\"true\" data-negative=\"false\">\n\t\t\t<svg xmlns=\"http:\/\/www.w3.org\/2000\/svg\" viewBox=\"0 0 1000 100\" preserveAspectRatio=\"none\">\n\t<path class=\"elementor-shape-fill\" opacity=\"0.33\" d=\"M473,67.3c-203.9,88.3-263.1-34-320.3,0C66,119.1,0,59.7,0,59.7V0h1000v59.7 c0,0-62.1,26.1-94.9,29.3c-32.8,3.3-62.8-12.3-75.8-22.1C806,49.6,745.3,8.7,694.9,4.7S492.4,59,473,67.3z\"\/>\n\t<path class=\"elementor-shape-fill\" opacity=\"0.66\" d=\"M734,67.3c-45.5,0-77.2-23.2-129.1-39.1c-28.6-8.7-150.3-10.1-254,39.1 s-91.7-34.4-149.2,0C115.7,118.3,0,39.8,0,39.8V0h1000v36.5c0,0-28.2-18.5-92.1-18.5C810.2,18.1,775.7,67.3,734,67.3z\"\/>\n\t<path class=\"elementor-shape-fill\" d=\"M766.1,28.9c-200-57.5-266,65.5-395.1,19.5C242,1.8,242,5.4,184.8,20.6C128,35.8,132.3,44.9,89.9,52.5C28.6,63.7,0,0,0,0 h1000c0,0-9.9,40.9-83.6,48.1S829.6,47,766.1,28.9z\"\/>\n<\/svg>\t\t<\/div>\n\t\t\t\t<div class=\"elementor-shape elementor-shape-bottom\" aria-hidden=\"true\" data-negative=\"false\">\n\t\t\t<svg xmlns=\"http:\/\/www.w3.org\/2000\/svg\" viewBox=\"0 0 1000 100\" preserveAspectRatio=\"none\">\n\t<path class=\"elementor-shape-fill\" opacity=\"0.33\" d=\"M473,67.3c-203.9,88.3-263.1-34-320.3,0C66,119.1,0,59.7,0,59.7V0h1000v59.7 c0,0-62.1,26.1-94.9,29.3c-32.8,3.3-62.8-12.3-75.8-22.1C806,49.6,745.3,8.7,694.9,4.7S492.4,59,473,67.3z\"\/>\n\t<path class=\"elementor-shape-fill\" opacity=\"0.66\" d=\"M734,67.3c-45.5,0-77.2-23.2-129.1-39.1c-28.6-8.7-150.3-10.1-254,39.1 s-91.7-34.4-149.2,0C115.7,118.3,0,39.8,0,39.8V0h1000v36.5c0,0-28.2-18.5-92.1-18.5C810.2,18.1,775.7,67.3,734,67.3z\"\/>\n\t<path class=\"elementor-shape-fill\" d=\"M766.1,28.9c-200-57.5-266,65.5-395.1,19.5C242,1.8,242,5.4,184.8,20.6C128,35.8,132.3,44.9,89.9,52.5C28.6,63.7,0,0,0,0 h1000c0,0-9.9,40.9-83.6,48.1S829.6,47,766.1,28.9z\"\/>\n<\/svg>\t\t<\/div>\n\t\t\t\t\t<div class=\"elementor-container elementor-column-gap-narrow\">\n\t\t\t\t\t<div class=\"elementor-column elementor-col-100 elementor-top-column elementor-element elementor-element-6823e19b\" data-id=\"6823e19b\" data-element_type=\"column\" data-e-type=\"column\">\n\t\t\t<div class=\"elementor-widget-wrap elementor-element-populated\">\n\t\t\t\t\t\t<div class=\"elementor-element elementor-element-1a5d8bbe elementor-widget elementor-widget-heading\" data-id=\"1a5d8bbe\" data-element_type=\"widget\" data-e-type=\"widget\" data-widget_type=\"heading.default\">\n\t\t\t\t<div class=\"elementor-widget-container\">\n\t\t\t\t\t<h2 class=\"elementor-heading-title elementor-size-default\">IMATRA<\/h2>\t\t\t\t<\/div>\n\t\t\t\t<\/div>\n\t\t\t\t<div class=\"elementor-element elementor-element-31aa1c54 elementor-widget elementor-widget-image\" data-id=\"31aa1c54\" data-element_type=\"widget\" data-e-type=\"widget\" data-widget_type=\"image.default\">\n\t\t\t\t<div class=\"elementor-widget-container\">\n\t\t\t\t\t\t\t\t\t\t\t\t\t\t\t<img decoding=\"async\" width=\"300\" height=\"160\" src=\"https:\/\/www.vsbus.fi\/wp-content\/uploads\/2021\/05\/logo-2-valkoinen-300x160.png\" class=\"attachment-medium size-medium wp-image-32\" alt=\"\" srcset=\"https:\/\/www.vsbus.fi\/wp-content\/uploads\/2021\/05\/logo-2-valkoinen-300x160.png 300w, https:\/\/www.vsbus.fi\/wp-content\/uploads\/2021\/05\/logo-2-valkoinen.png 632w\" sizes=\"(max-width: 300px) 100vw, 300px\" \/>\t\t\t\t\t\t\t\t\t\t\t\t\t\t\t<\/div>\n\t\t\t\t<\/div>\n\t\t\t\t<div class=\"elementor-element elementor-element-e929be elementor-widget elementor-widget-heading\" data-id=\"e929be\" data-element_type=\"widget\" data-e-type=\"widget\" data-widget_type=\"heading.default\">\n\t\t\t\t<div class=\"elementor-widget-container\">\n\t\t\t\t\t<h2 class=\"elementor-heading-title elementor-size-default\">Pikkuisen parempaa paikallisliikennett\u00e4<\/h2>\t\t\t\t<\/div>\n\t\t\t\t<\/div>\n\t\t\t\t\t<\/div>\n\t\t<\/div>\n\t\t\t\t\t<\/div>\n\t\t<\/section>\n\t\t\t\t<section class=\"elementor-section elementor-top-section elementor-element elementor-element-77be51d0 elementor-section-full_width elementor-section-height-default elementor-section-height-default\" data-id=\"77be51d0\" data-element_type=\"section\" data-e-type=\"section\" data-settings=\"{&quot;background_background&quot;:&quot;gradient&quot;}\">\n\t\t\t\t\t\t<div class=\"elementor-container elementor-column-gap-default\">\n\t\t\t\t\t<div class=\"elementor-column elementor-col-100 elementor-top-column elementor-element elementor-element-dc10374\" data-id=\"dc10374\" data-element_type=\"column\" data-e-type=\"column\">\n\t\t\t<div class=\"elementor-widget-wrap elementor-element-populated\">\n\t\t\t\t\t\t<div class=\"elementor-element elementor-element-148be235 elementor-widget elementor-widget-image\" data-id=\"148be235\" data-element_type=\"widget\" data-e-type=\"widget\" data-widget_type=\"image.default\">\n\t\t\t\t<div class=\"elementor-widget-container\">\n\t\t\t\t\t\t\t\t\t\t\t\t\t\t\t<img fetchpriority=\"high\" decoding=\"async\" width=\"800\" height=\"223\" src=\"https:\/\/www.vsbus.fi\/wp-content\/uploads\/2021\/05\/20958026-2-1024x286.jpg\" class=\"attachment-large size-large wp-image-21\" alt=\"\" srcset=\"https:\/\/www.vsbus.fi\/wp-content\/uploads\/2021\/05\/20958026-2-1024x286.jpg 1024w, https:\/\/www.vsbus.fi\/wp-content\/uploads\/2021\/05\/20958026-2-300x84.jpg 300w, https:\/\/www.vsbus.fi\/wp-content\/uploads\/2021\/05\/20958026-2-768x214.jpg 768w, https:\/\/www.vsbus.fi\/wp-content\/uploads\/2021\/05\/20958026-2.jpg 1426w\" sizes=\"(max-width: 800px) 100vw, 800px\" \/>\t\t\t\t\t\t\t\t\t\t\t\t\t\t\t<\/div>\n\t\t\t\t<\/div>\n\t\t\t\t\t<\/div>\n\t\t<\/div>\n\t\t\t\t\t<\/div>\n\t\t<\/section>\n\t\t\t\t<section class=\"elementor-section elementor-top-section elementor-element elementor-element-50b8f49a elementor-section-boxed elementor-section-height-default elementor-section-height-default\" data-id=\"50b8f49a\" data-element_type=\"section\" data-e-type=\"section\">\n\t\t\t\t\t\t<div class=\"elementor-container elementor-column-gap-default\">\n\t\t\t\t\t<div class=\"elementor-column elementor-col-50 elementor-top-column elementor-element elementor-element-32b21b5\" data-id=\"32b21b5\" data-element_type=\"column\" data-e-type=\"column\">\n\t\t\t<div class=\"elementor-widget-wrap elementor-element-populated\">\n\t\t\t\t\t\t<div class=\"elementor-element elementor-element-cb9736f elementor-align-justify elementor-widget elementor-widget-button\" data-id=\"cb9736f\" data-element_type=\"widget\" data-e-type=\"widget\" data-widget_type=\"button.default\">\n\t\t\t\t<div class=\"elementor-widget-container\">\n\t\t\t\t\t\t\t\t\t<div class=\"elementor-button-wrapper\">\n\t\t\t\t\t<a class=\"elementor-button elementor-button-link elementor-size-lg\" href=\"https:\/\/www.imatra.fi\/joukkoliikenne\">\n\t\t\t\t\t\t<span class=\"elementor-button-content-wrapper\">\n\t\t\t\t\t\t\t\t\t<span class=\"elementor-button-text\">AIKATAULUT<\/span>\n\t\t\t\t\t<\/span>\n\t\t\t\t\t<\/a>\n\t\t\t\t<\/div>\n\t\t\t\t\t\t\t\t<\/div>\n\t\t\t\t<\/div>\n\t\t\t\t<div class=\"elementor-element elementor-element-6552cb3a elementor-widget elementor-widget-text-editor\" data-id=\"6552cb3a\" data-element_type=\"widget\" data-e-type=\"widget\" data-widget_type=\"text-editor.default\">\n\t\t\t\t<div class=\"elementor-widget-container\">\n\t\t\t\t\t\t\t\t\t<p>Aikataulut l\u00f6ytyv\u00e4t Imatran kaupungin sivuilta.<\/p><p>Klikkaa yll\u00e4olevaa linkki\u00e4<\/p>\t\t\t\t\t\t\t\t<\/div>\n\t\t\t\t<\/div>\n\t\t\t\t\t<\/div>\n\t\t<\/div>\n\t\t\t\t<div class=\"elementor-column elementor-col-50 elementor-top-column elementor-element elementor-element-e2ac1ca\" data-id=\"e2ac1ca\" data-element_type=\"column\" data-e-type=\"column\">\n\t\t\t<div class=\"elementor-widget-wrap elementor-element-populated\">\n\t\t\t\t\t\t<div class=\"elementor-element elementor-element-1272e2ab elementor-align-justify elementor-widget elementor-widget-button\" data-id=\"1272e2ab\" data-element_type=\"widget\" data-e-type=\"widget\" data-widget_type=\"button.default\">\n\t\t\t\t<div class=\"elementor-widget-container\">\n\t\t\t\t\t\t\t\t\t<div class=\"elementor-button-wrapper\">\n\t\t\t\t\t<a class=\"elementor-button elementor-button-link elementor-size-lg\" href=\"https:\/\/www.imatra.fi\/asuminen-ja-ymp%C3%A4rist%C3%B6\/kaupunki-infra\/joukkoliikenne\/l%C3%B6yt%C3%B6tavarat\">\n\t\t\t\t\t\t<span class=\"elementor-button-content-wrapper\">\n\t\t\t\t\t\t\t\t\t<span class=\"elementor-button-text\">l\u00f6yt\u00f6tavarat<\/span>\n\t\t\t\t\t<\/span>\n\t\t\t\t\t<\/a>\n\t\t\t\t<\/div>\n\t\t\t\t\t\t\t\t<\/div>\n\t\t\t\t<\/div>\n\t\t\t\t<div class=\"elementor-element elementor-element-6bb3814d elementor-widget elementor-widget-text-editor\" data-id=\"6bb3814d\" data-element_type=\"widget\" data-e-type=\"widget\" data-widget_type=\"text-editor.default\">\n\t\t\t\t<div class=\"elementor-widget-container\">\n\t\t\t\t\t\t\t\t\t<p>Paikallisliikenteen autoihin j\u00e4\u00e4neit\u00e4 l\u00f6yt\u00f6tavaroita voi tiedustella\u00a0 \u00a0<\/p><p>Ma \u2013 Pe klo 9:00-14:00 ,\u00a0<\/p><p>p. 040 125 1667<\/p>\t\t\t\t\t\t\t\t<\/div>\n\t\t\t\t<\/div>\n\t\t\t\t<div class=\"elementor-element elementor-element-194b229 elementor-widget elementor-widget-text-editor\" data-id=\"194b229\" data-element_type=\"widget\" data-e-type=\"widget\" data-widget_type=\"text-editor.default\">\n\t\t\t\t<div class=\"elementor-widget-container\">\n\t\t\t\t\t\t\t\t\t<div class=\"announcement-body-description\"><p>Facebookista l\u00f6yd\u00e4t ryhm\u00e4n\u00a0<strong>linja-autoon j\u00e4\u00e4neet l\u00f6yt\u00f6tavarat Imatra.\u00a0<\/strong><\/p><p>Kyseess\u00e4\u00a0on kuskien yll\u00e4pit\u00e4m\u00e4 ryhm\u00e4, jossa tiedotetaan nopeasti l\u00f6yt\u00f6tavaroista.<\/p><\/div><p>Jos katoamisesta on jo aikaa kadonneita tavaroita ja lippuja kannattaa tiedustella kaupungin <a href=\"https:\/\/www.imatra.fi\/asuminen-ja-ymp%C3%A4rist%C3%B6\/kaupunki-infra\/joukkoliikenne\/l%C3%B6yt%C3%B6tavarat\">asiakaspalvelusta<\/a>, jonne ne toimitetaan s\u00e4ilytykseen.<\/p>\t\t\t\t\t\t\t\t<\/div>\n\t\t\t\t<\/div>\n\t\t\t\t\t<\/div>\n\t\t<\/div>\n\t\t\t\t\t<\/div>\n\t\t<\/section>\n\t\t\t\t<section class=\"elementor-section elementor-top-section elementor-element elementor-element-38ccc2d4 elementor-section-full_width elementor-section-height-default elementor-section-height-default\" data-id=\"38ccc2d4\" data-element_type=\"section\" data-e-type=\"section\" data-settings=\"{&quot;background_background&quot;:&quot;gradient&quot;}\">\n\t\t\t\t\t\t<div class=\"elementor-container elementor-column-gap-default\">\n\t\t\t\t\t<div class=\"elementor-column elementor-col-100 elementor-top-column elementor-element elementor-element-5eba3e4f\" data-id=\"5eba3e4f\" data-element_type=\"column\" data-e-type=\"column\">\n\t\t\t<div class=\"elementor-widget-wrap elementor-element-populated\">\n\t\t\t\t\t\t<div class=\"elementor-element elementor-element-deb5f59 elementor-widget elementor-widget-image\" data-id=\"deb5f59\" data-element_type=\"widget\" data-e-type=\"widget\" data-widget_type=\"image.default\">\n\t\t\t\t<div class=\"elementor-widget-container\">\n\t\t\t\t\t\t\t\t\t\t\t\t\t\t\t<img decoding=\"async\" width=\"768\" height=\"241\" src=\"https:\/\/www.vsbus.fi\/wp-content\/uploads\/2021\/05\/imatra-2-1-768x241.png\" class=\"attachment-medium_large size-medium_large wp-image-296\" alt=\"\" srcset=\"https:\/\/www.vsbus.fi\/wp-content\/uploads\/2021\/05\/imatra-2-1-768x241.png 768w, https:\/\/www.vsbus.fi\/wp-content\/uploads\/2021\/05\/imatra-2-1-300x94.png 300w, https:\/\/www.vsbus.fi\/wp-content\/uploads\/2021\/05\/imatra-2-1-1024x322.png 1024w, https:\/\/www.vsbus.fi\/wp-content\/uploads\/2021\/05\/imatra-2-1-1536x483.png 1536w, https:\/\/www.vsbus.fi\/wp-content\/uploads\/2021\/05\/imatra-2-1-2048x643.png 2048w\" sizes=\"(max-width: 768px) 100vw, 768px\" \/>\t\t\t\t\t\t\t\t\t\t\t\t\t\t\t<\/div>\n\t\t\t\t<\/div>\n\t\t\t\t<section class=\"elementor-section elementor-inner-section elementor-element elementor-element-d66d5d9 elementor-section-boxed elementor-section-height-default elementor-section-height-default\" data-id=\"d66d5d9\" data-element_type=\"section\" data-e-type=\"section\">\n\t\t\t\t\t\t<div class=\"elementor-container elementor-column-gap-default\">\n\t\t\t\t\t<div class=\"elementor-column elementor-col-50 elementor-inner-column elementor-element elementor-element-7423bfb\" data-id=\"7423bfb\" data-element_type=\"column\" data-e-type=\"column\">\n\t\t\t<div class=\"elementor-widget-wrap elementor-element-populated\">\n\t\t\t\t\t\t<div class=\"elementor-element elementor-element-b2ea468 elementor-widget elementor-widget-heading\" data-id=\"b2ea468\" data-element_type=\"widget\" data-e-type=\"widget\" data-widget_type=\"heading.default\">\n\t\t\t\t<div class=\"elementor-widget-container\">\n\t\t\t\t\t<h2 class=\"elementor-heading-title elementor-size-default\">S\u00e4hk\u00f6bussit IMATRALLE<\/h2>\t\t\t\t<\/div>\n\t\t\t\t<\/div>\n\t\t\t\t<div class=\"elementor-element elementor-element-f7c62f5 elementor-widget elementor-widget-text-editor\" data-id=\"f7c62f5\" data-element_type=\"widget\" data-e-type=\"widget\" data-widget_type=\"text-editor.default\">\n\t\t\t\t<div class=\"elementor-widget-container\">\n\t\t\t\t\t\t\t\t\t<div class=\"field field--name-field-lead-paragraph-long-text field--type-text-long field--label-hidden\"><div class=\"field__items\"><div class=\"field__item even\">S\u00e4hk\u00f6bussien tulo siirtyy ensi vuoteen, v\u00e4liaikakalustolla ajavat tutut kuskit.<\/div><\/div><\/div><div class=\"field field--name-body field--type-text-with-summary field--label-hidden\"><div class=\"field__items\"><div class=\"field__item even\"><p>Imatran katukuvaan ilmestyv\u00e4t kes\u00e4kuun alussa keltavalkoiset bussit kaupungin logoilla. N\u00e4ill\u00e4 busseilla ajetaan paikallisliikennett\u00e4 v\u00e4hint\u00e4\u00e4n vuoden verran.<\/p><p>Kaupunki p\u00e4\u00e4tti tammikuussa kilpailutuksen j\u00e4lkeen vaihtaa paikallisliikenteen tuottajaksi V-S Bussipalvelut Oy:n. <strong>Imatra on siirtym\u00e4ss\u00e4 kokonaan s\u00e4hk\u00f6busseihin.<\/strong><\/p><p>Kilpailutuksessa mukana olleet kaksi yhti\u00f6t\u00e4 tekiv\u00e4t p\u00e4\u00e4t\u00f6ksest\u00e4 valituksen markkinaoikeuteen. T\u00e4t\u00e4 p\u00e4\u00e4t\u00f6st\u00e4 joudutaan odottamaan arviolta t\u00e4m\u00e4n vuoden loppupuolelle asti.<\/p><\/div><\/div><\/div>\t\t\t\t\t\t\t\t<\/div>\n\t\t\t\t<\/div>\n\t\t\t\t\t<\/div>\n\t\t<\/div>\n\t\t\t\t<div class=\"elementor-column elementor-col-50 elementor-inner-column elementor-element elementor-element-f28612a\" data-id=\"f28612a\" data-element_type=\"column\" data-e-type=\"column\">\n\t\t\t<div class=\"elementor-widget-wrap elementor-element-populated\">\n\t\t\t\t\t\t<div class=\"elementor-element elementor-element-02ca190 elementor-widget elementor-widget-heading\" data-id=\"02ca190\" data-element_type=\"widget\" data-e-type=\"widget\" data-widget_type=\"heading.default\">\n\t\t\t\t<div class=\"elementor-widget-container\">\n\t\t\t\t\t<h2 class=\"elementor-heading-title elementor-size-default\">S\u00e4hk\u00f6busseihin ainakin vuosi<\/h2>\t\t\t\t<\/div>\n\t\t\t\t<\/div>\n\t\t\t\t<div class=\"elementor-element elementor-element-4dca0e7 elementor-widget elementor-widget-text-editor\" data-id=\"4dca0e7\" data-element_type=\"widget\" data-e-type=\"widget\" data-widget_type=\"text-editor.default\">\n\t\t\t\t<div class=\"elementor-widget-container\">\n\t\t\t\t\t\t\t\t\t<div class=\"field field--name-field-lead-paragraph-long-text field--type-text-long field--label-hidden\"><div class=\"field__items\"><div class=\"field__item even\"><h6>Mik\u00e4li markkinaoikeus antaa luvan sopimuksen tekemiselle V-S Bussipalvelun kanssa, laitetaan s\u00e4hk\u00f6bussit tilaukseen.<\/h6><p>Niiden hankinta-aika on noin kahdeksan kuukautta, joten s\u00e4hk\u00f6bussien saaminen Imatralle tulee kest\u00e4m\u00e4\u00e4n ainakin vuoden.<\/p><p>Vaikka v\u00e4liaikaiset bussit poikkeavat ulkon\u00e4\u00f6lt\u00e4\u00e4n aiemmasta, kuskit ovat tuttuja.<\/p><\/div><\/div><\/div><div class=\"field field--name-body field--type-text-with-summary field--label-hidden\"><div class=\"field__items\"><div class=\"field__item even\"><p>Kilpailutuksessa mukana olleet kaksi yhti\u00f6t\u00e4 tekiv\u00e4t p\u00e4\u00e4t\u00f6ksest\u00e4 valituksen markkinaoikeuteen. T\u00e4t\u00e4 p\u00e4\u00e4t\u00f6st\u00e4 joudutaan odottamaan arviolta t\u00e4m\u00e4n vuoden loppupuolelle asti.<\/p><\/div><\/div><\/div>\t\t\t\t\t\t\t\t<\/div>\n\t\t\t\t<\/div>\n\t\t\t\t\t<\/div>\n\t\t<\/div>\n\t\t\t\t\t<\/div>\n\t\t<\/section>\n\t\t\t\t\t<\/div>\n\t\t<\/div>\n\t\t\t\t\t<\/div>\n\t\t<\/section>\n\t\t\t\t<\/div>\n\t\t","protected":false},"excerpt":{"rendered":"<p>IMATRA Pikkuisen parempaa paikallisliikennett\u00e4 AIKATAULUT Aikataulut l\u00f6ytyv\u00e4t Imatran kaupungin sivuilta. Klikkaa yll\u00e4olevaa linkki\u00e4 l\u00f6yt\u00f6tavarat Paikallisliikenteen autoihin j\u00e4\u00e4neit\u00e4 l\u00f6yt\u00f6tavaroita voi tiedustella\u00a0 \u00a0 Ma \u2013 Pe klo 9:00-14:00 ,\u00a0 p. 040 125 1667 Facebookista l\u00f6yd\u00e4t ryhm\u00e4n\u00a0linja-autoon j\u00e4\u00e4neet l\u00f6yt\u00f6tavarat Imatra.\u00a0 Kyseess\u00e4\u00a0on kuskien yll\u00e4pit\u00e4m\u00e4 ryhm\u00e4, jossa tiedotetaan nopeasti l\u00f6yt\u00f6tavaroista. Jos katoamisesta on jo aikaa kadonneita tavaroita ja lippuja kannattaa [&hellip;]<\/p>\n","protected":false},"author":1,"featured_media":0,"parent":0,"menu_order":0,"comment_status":"closed","ping_status":"closed","template":"elementor_canvas","meta":{"footnotes":""},"class_list":["post-88","page","type-page","status-publish","hentry"],"_links":{"self":[{"href":"https:\/\/www.vsbus.fi\/index.php?rest_route=\/wp\/v2\/pages\/88","targetHints":{"allow":["GET"]}}],"collection":[{"href":"https:\/\/www.vsbus.fi\/index.php?rest_route=\/wp\/v2\/pages"}],"about":[{"href":"https:\/\/www.vsbus.fi\/index.php?rest_route=\/wp\/v2\/types\/page"}],"author":[{"embeddable":true,"href":"https:\/\/www.vsbus.fi\/index.php?rest_route=\/wp\/v2\/users\/1"}],"replies":[{"embeddable":true,"href":"https:\/\/www.vsbus.fi\/index.php?rest_route=%2Fwp%2Fv2%2Fcomments&post=88"}],"version-history":[{"count":46,"href":"https:\/\/www.vsbus.fi\/index.php?rest_route=\/wp\/v2\/pages\/88\/revisions"}],"predecessor-version":[{"id":414,"href":"https:\/\/www.vsbus.fi\/index.php?rest_route=\/wp\/v2\/pages\/88\/revisions\/414"}],"wp:attachment":[{"href":"https:\/\/www.vsbus.fi\/index.php?rest_route=%2Fwp%2Fv2%2Fmedia&parent=88"}],"curies":[{"name":"wp","href":"https:\/\/api.w.org\/{rel}","templated":true}]}}